{"id":623,"date":"2026-03-27T21:17:44","date_gmt":"2026-03-28T02:17:44","guid":{"rendered":"https:\/\/lorecasalla.com\/?page_id=623"},"modified":"2026-03-27T21:18:32","modified_gmt":"2026-03-28T02:18:32","slug":"623-2","status":"publish","type":"page","link":"https:\/\/lorecasalla.com\/?page_id=623","title":{"rendered":"Sobre M\u00ed"},"content":{"rendered":"\n[et_pb_section fb_built=&#8221;1&#8243; theme_builder_area=&#8221;post_content&#8221; _builder_version=&#8221;4.27.5&#8243; _module_preset=&#8221;default&#8221;][et_pb_row _builder_version=&#8221;4.27.5&#8243; _module_preset=&#8221;default&#8221; theme_builder_area=&#8221;post_content&#8221;][et_pb_column _builder_version=&#8221;4.27.5&#8243; _module_preset=&#8221;default&#8221; type=&#8221;4_4&#8243; theme_builder_area=&#8221;post_content&#8221;][et_pb_accordion _builder_version=&#8221;4.27.5&#8243; _module_preset=&#8221;default&#8221; theme_builder_area=&#8221;post_content&#8221; hover_enabled=&#8221;0&#8243; sticky_enabled=&#8221;0&#8243;][et_pb_accordion_item title=&#8221;Your Title Goes Here&#8221; _builder_version=&#8221;4.27.5&#8243; _module_preset=&#8221;default&#8221; theme_builder_area=&#8221;post_content&#8221; open=&#8221;on&#8221; hover_enabled=&#8221;0&#8243; sticky_enabled=&#8221;0&#8243;]<p>Especialista en <b data-path-to-node=\"4,1\" data-index-in-node=\"16\">Marketing Digital, Social Media Management y Paid Media<\/b>. Transformo la presencia digital de las marcas a trav\u00e9s de una <b data-path-to-node=\"4,1\" data-index-in-node=\"135\">Content Strategy<\/b> s\u00f3lida y campa\u00f1as de pauta orientadas a resultados. Mi enfoque integra la sensibilidad comunicativa con el an\u00e1lisis de datos para potenciar el posicionamiento de marca en entornos competitivos.<\/p>[\/et_pb_accordion_item][et_pb_accordion_item title=&#8221;Your Title Goes Here&#8221; _builder_version=&#8221;4.27.5&#8243; _module_preset=&#8221;default&#8221; theme_builder_area=&#8221;post_content&#8221; open=&#8221;off&#8221;]<p>Your content goes here. Edit or remove this text inline or in the module Content settings. You can also style every aspect of this content in the module Design settings and even apply custom CSS to this text in the module Advanced settings.<\/p>[\/et_pb_accordion_item][\/et_pb_accordion][\/et_pb_column][\/et_pb_row][et_pb_row _builder_version=&#8221;4.27.5&#8243; _module_preset=&#8221;default&#8221; theme_builder_area=&#8221;post_content&#8221;][et_pb_column _builder_version=&#8221;4.27.5&#8243; _module_preset=&#8221;default&#8221; type=&#8221;4_4&#8243; theme_builder_area=&#8221;post_content&#8221;][et_pb_text _builder_version=&#8221;4.27.5&#8243; _module_preset=&#8221;default&#8221; theme_builder_area=&#8221;post_content&#8221; hover_enabled=&#8221;0&#8243; sticky_enabled=&#8221;0&#8243;]<p>Especialista en <b data-path-to-node=\"4,1\" data-index-in-node=\"16\">Marketing Digital, Social Media Management y Paid Media<\/b>. Transformo la presencia digital de las marcas a trav\u00e9s de una <b data-path-to-node=\"4,1\" data-index-in-node=\"135\">Content Strategy<\/b> s\u00f3lida y campa\u00f1as de pauta orientadas a resultados. Mi enfoque integra la sensibilidad comunicativa con el an\u00e1lisis de datos para potenciar el posicionamiento de marca en entornos competitivos.<\/p>[\/et_pb_text][\/et_pb_column][\/et_pb_row][\/et_pb_section]\n","protected":false},"excerpt":{"rendered":"<p>Especialista en Marketing Digital, Social Media Management y Paid Media. Transformo la presencia digital de las marcas a trav\u00e9s de una Content Strategy s\u00f3lida y campa\u00f1as de pauta orientadas a resultados. Mi enfoque integra la sensibilidad comunicativa con el an\u00e1lisis de datos para potenciar el posicionamiento de marca en entornos competitivos.Your content goes here. Edit [&hellip;]<\/p>\n","protected":false},"author":1,"featured_media":0,"parent":0,"menu_order":0,"comment_status":"closed","ping_status":"closed","template":"","meta":{"_et_pb_use_builder":"on","_et_pb_old_content":"","_et_gb_content_width":"","om_disable_all_campaigns":false,"_monsterinsights_skip_tracking":false,"_monsterinsights_sitenote_active":false,"_monsterinsights_sitenote_note":"","_monsterinsights_sitenote_category":0,"footnotes":""},"class_list":["post-623","page","type-page","status-publish","hentry"],"aioseo_notices":[],"_hostinger_reach_plugin_has_subscription_block":false,"_hostinger_reach_plugin_is_elementor":false,"_links":{"self":[{"href":"https:\/\/lorecasalla.com\/index.php?rest_route=\/wp\/v2\/pages\/623","targetHints":{"allow":["GET"]}}],"collection":[{"href":"https:\/\/lorecasalla.com\/index.php?rest_route=\/wp\/v2\/pages"}],"about":[{"href":"https:\/\/lorecasalla.com\/index.php?rest_route=\/wp\/v2\/types\/page"}],"author":[{"embeddable":true,"href":"https:\/\/lorecasalla.com\/index.php?rest_route=\/wp\/v2\/users\/1"}],"replies":[{"embeddable":true,"href":"https:\/\/lorecasalla.com\/index.php?rest_route=%2Fwp%2Fv2%2Fcomments&post=623"}],"version-history":[{"count":3,"href":"https:\/\/lorecasalla.com\/index.php?rest_route=\/wp\/v2\/pages\/623\/revisions"}],"predecessor-version":[{"id":627,"href":"https:\/\/lorecasalla.com\/index.php?rest_route=\/wp\/v2\/pages\/623\/revisions\/627"}],"wp:attachment":[{"href":"https:\/\/lorecasalla.com\/index.php?rest_route=%2Fwp%2Fv2%2Fmedia&parent=623"}],"curies":[{"name":"wp","href":"https:\/\/api.w.org\/{rel}","templated":true}]}}